{"id":57,"date":"2025-02-25T20:08:38","date_gmt":"2025-02-25T20:08:38","guid":{"rendered":"http:\/\/poz-dobra.pl\/?page_id=57"},"modified":"2025-02-25T20:08:38","modified_gmt":"2025-02-25T20:08:38","slug":"rtg","status":"publish","type":"page","link":"https:\/\/poz-dobra.pl\/index.php\/rtg\/","title":{"rendered":"RTG"},"content":{"rendered":"\n<p>SPZ POZ w Dobrej wsp\u00f3\u0142pracuje w ramach umowy z podwykonawcami, kt\u00f3rzy udzielaj\u0105 bezp\u0142atnych bada\u0144 na rzecz pacjent\u00f3w, po otrzymaniu skierowania od lekarza.<br>W ramach NFZ mo\u017cna uzyska\u0107 skierowanie na badanie RTG:<br>\u2022\tzdj\u0119cie klatki piersiowej w projekcji AP i bocznej<br>\u2022\tzdj\u0119cie kostne w przypadku kr\u0119gos\u0142upa w projekcji AP i bocznej (ca\u0142y kr\u0119gos\u0142up)<br>\u2022\tzdj\u0119cie kostne w przypadku kr\u0119gos\u0142upa w projekcji AP i bocznej (odcinkowe)<br>\u2022\tzdj\u0119cie kostne w przypadku ko\u0144czyn w projekcji AP i bocznej<br>\u2022\tzdj\u0119cie kostne w przypadku miednicy w projekcji AP i bocznej<br>\u2022\tzdj\u0119cie czaszki<br>\u2022\tzdj\u0119cie zatok<br>\u2022\tzdj\u0119cie przegl\u0105dowe jamy brzusznej<br><\/p>\n\n\n\n<p>Badania wykonuje:<br>\u2022\tSzpital Powiatowy w Limanowej tel. 18 3301748 &#8211; od poniedzia\u0142ku do pi\u0105tku w godzinach od 7:00 &#8211; 17:00. Wyniki RTG mo\u017cna odbiera\u0107 osobi\u015bcie w godzinach pracy pracowni rentgenowskiej.<br><br>\u2022\tPracownia bada\u0144 obrazowych &#8211; Szpital Szczyrzyc, 34-623 Szczyrzyc 107,  Pracownia RTG czynna<br>poniedzia\u0142ek, \u015broda, czwartek od 10:00 do 13:00<br>wtorek, pi\u0105tek od 11:00-16:00<br><\/p>\n","protected":false},"excerpt":{"rendered":"<p>SPZ POZ w Dobrej wsp\u00f3\u0142pracuje w ramach umowy z podwykonawcami, kt\u00f3rzy udzielaj\u0105 bezp\u0142atnych bada\u0144 na rzecz pacjent\u00f3w, po otrzymaniu skierowania od lekarza.W ramach NFZ mo\u017cna uzyska\u0107 skierowanie na badanie RTG:\u2022 zdj\u0119cie klatki piersiowej w projekcji AP i bocznej\u2022 zdj\u0119cie kostne w przypadku kr\u0119gos\u0142upa w projekcji AP i bocznej (ca\u0142y kr\u0119gos\u0142up)\u2022 zdj\u0119cie kostne w przypadku kr\u0119gos\u0142upa&hellip;&nbsp;<a href=\"https:\/\/poz-dobra.pl\/index.php\/rtg\/\" rel=\"bookmark\">Dowiedz si\u0119 wi\u0119cej &raquo;<span class=\"screen-reader-text\">RTG<\/span><\/a><\/p>\n","protected":false},"author":1,"featured_media":0,"parent":0,"menu_order":0,"comment_status":"closed","ping_status":"closed","template":"","meta":{"neve_meta_sidebar":"","neve_meta_container":"","neve_meta_enable_content_width":"","neve_meta_content_width":0,"neve_meta_title_alignment":"","neve_meta_author_avatar":"","neve_post_elements_order":"","neve_meta_disable_header":"","neve_meta_disable_footer":"","neve_meta_disable_title":"","footnotes":""},"class_list":["post-57","page","type-page","status-publish","hentry"],"_links":{"self":[{"href":"https:\/\/poz-dobra.pl\/index.php\/wp-json\/wp\/v2\/pages\/57","targetHints":{"allow":["GET"]}}],"collection":[{"href":"https:\/\/poz-dobra.pl\/index.php\/wp-json\/wp\/v2\/pages"}],"about":[{"href":"https:\/\/poz-dobra.pl\/index.php\/wp-json\/wp\/v2\/types\/page"}],"author":[{"embeddable":true,"href":"https:\/\/poz-dobra.pl\/index.php\/wp-json\/wp\/v2\/users\/1"}],"replies":[{"embeddable":true,"href":"https:\/\/poz-dobra.pl\/index.php\/wp-json\/wp\/v2\/comments?post=57"}],"version-history":[{"count":1,"href":"https:\/\/poz-dobra.pl\/index.php\/wp-json\/wp\/v2\/pages\/57\/revisions"}],"predecessor-version":[{"id":58,"href":"https:\/\/poz-dobra.pl\/index.php\/wp-json\/wp\/v2\/pages\/57\/revisions\/58"}],"wp:attachment":[{"href":"https:\/\/poz-dobra.pl\/index.php\/wp-json\/wp\/v2\/media?parent=57"}],"curies":[{"name":"wp","href":"https:\/\/api.w.org\/{rel}","templated":true}]}}