{"id":55,"date":"2025-02-25T20:07:40","date_gmt":"2025-02-25T20:07:40","guid":{"rendered":"http:\/\/poz-dobra.pl\/?page_id=55"},"modified":"2025-02-25T20:07:40","modified_gmt":"2025-02-25T20:07:40","slug":"usg","status":"publish","type":"page","link":"https:\/\/poz-dobra.pl\/index.php\/usg\/","title":{"rendered":"USG"},"content":{"rendered":"\n<p>SPZ POZ w Dobrej wykonuje bezp\u0142atnie badania USG na rzecz zadeklarowanych pacjent\u00f3w, po otrzymaniu skierowania od lekarza POZ.<br>W ramach NFZ mo\u017cna uzyska\u0107 skierowanie na badanie USG:<br>\u2022 jamy brzusznej,<br>\u2022 tarczycy,<br>\u2022 \u015blinianek,<br>\u2022 w\u0119z\u0142\u00f3w ch\u0142onnych.<br>Badanie wykonuje:<br>lek. Piotr Kryzia \u2013 specjalista chor\u00f3b wewn\u0119trznych i medycyny rodzinnej<\/p>\n\n\n\n<p><strong>PRZYGOTOWANIE DO BADA\u0143 USG<\/strong>:<\/p>\n\n\n\n<ol class=\"wp-block-list\">\n<li>USG jamy brzusznej:<br>o Na badanie zale\u017cy zg\u0142osi\u0107 si\u0119 na czczo, to znaczy w dniu badania nic nie je\u015b\u0107, nie pali\u0107 papieros\u00f3w, nie \u017cu\u0107 gumy. Je\u015bli badanie ma odby\u0107 si\u0119 w godzinach popo\u0142udniowych dopuszczalne jest spo\u017cycie lekkiego \u015bniadania, nie p\u00f3\u017aniej jednak ni\u017c 6 godzin przed badaniem.<br>o Na dzie\u0144 przed badaniem unika\u0107 produkt\u00f3w powoduj\u0105cych powstawanie nadmiernej ilo\u015bci gaz\u00f3w, takich jak: napoje gazowane, jab\u0142ka, bita \u015bmietana czy \u015bwie\u017ce pieczywo.<br>o Pi\u0107 du\u017co wody mineralnej niegazowanej.<br>o Nie przerywa\u0107 przyjmowania lek\u00f3w (normalnie za\u017cywamy leki).<br>o Do badania USG brzucha musi by\u0107 wype\u0142niony p\u0119cherz moczowy (pi\u0107 du\u017co wody mineralnej niegazowanej, dwie godziny przed badaniem nie sika\u0107).<br>Pozosta\u0142e badania USG nie wymagaj\u0105 przygotowania.<\/li>\n<\/ol>\n","protected":false},"excerpt":{"rendered":"<p>SPZ POZ w Dobrej wykonuje bezp\u0142atnie badania USG na rzecz zadeklarowanych pacjent\u00f3w, po otrzymaniu skierowania od lekarza POZ.W ramach NFZ mo\u017cna uzyska\u0107 skierowanie na badanie USG:\u2022 jamy brzusznej,\u2022 tarczycy,\u2022 \u015blinianek,\u2022 w\u0119z\u0142\u00f3w ch\u0142onnych.Badanie wykonuje:lek. Piotr Kryzia \u2013 specjalista chor\u00f3b wewn\u0119trznych i medycyny rodzinnej PRZYGOTOWANIE DO BADA\u0143 USG:<\/p>\n","protected":false},"author":1,"featured_media":0,"parent":0,"menu_order":0,"comment_status":"closed","ping_status":"closed","template":"","meta":{"neve_meta_sidebar":"","neve_meta_container":"","neve_meta_enable_content_width":"","neve_meta_content_width":0,"neve_meta_title_alignment":"","neve_meta_author_avatar":"","neve_post_elements_order":"","neve_meta_disable_header":"","neve_meta_disable_footer":"","neve_meta_disable_title":"","footnotes":""},"class_list":["post-55","page","type-page","status-publish","hentry"],"_links":{"self":[{"href":"https:\/\/poz-dobra.pl\/index.php\/wp-json\/wp\/v2\/pages\/55","targetHints":{"allow":["GET"]}}],"collection":[{"href":"https:\/\/poz-dobra.pl\/index.php\/wp-json\/wp\/v2\/pages"}],"about":[{"href":"https:\/\/poz-dobra.pl\/index.php\/wp-json\/wp\/v2\/types\/page"}],"author":[{"embeddable":true,"href":"https:\/\/poz-dobra.pl\/index.php\/wp-json\/wp\/v2\/users\/1"}],"replies":[{"embeddable":true,"href":"https:\/\/poz-dobra.pl\/index.php\/wp-json\/wp\/v2\/comments?post=55"}],"version-history":[{"count":1,"href":"https:\/\/poz-dobra.pl\/index.php\/wp-json\/wp\/v2\/pages\/55\/revisions"}],"predecessor-version":[{"id":56,"href":"https:\/\/poz-dobra.pl\/index.php\/wp-json\/wp\/v2\/pages\/55\/revisions\/56"}],"wp:attachment":[{"href":"https:\/\/poz-dobra.pl\/index.php\/wp-json\/wp\/v2\/media?parent=55"}],"curies":[{"name":"wp","href":"https:\/\/api.w.org\/{rel}","templated":true}]}}