{"id":53,"date":"2025-02-25T20:05:55","date_gmt":"2025-02-25T20:05:55","guid":{"rendered":"http:\/\/poz-dobra.pl\/?page_id=53"},"modified":"2025-02-25T20:17:03","modified_gmt":"2025-02-25T20:17:03","slug":"laboratorium","status":"publish","type":"page","link":"https:\/\/poz-dobra.pl\/index.php\/laboratorium\/","title":{"rendered":"Laboratorium"},"content":{"rendered":"\n<p>Punkty pobra\u0144 bada\u0144 laboratoryjnych:<\/p>\n\n\n\n<p><\/p>\n\n\n\n<div class=\"wp-block-group is-vertical is-layout-flex wp-container-core-group-is-layout-8cf370e7 wp-block-group-is-layout-flex\">\n<hr class=\"wp-block-separator has-alpha-channel-opacity\"\/>\n\n\n\n<p><\/p>\n\n\n\n<p><strong>Samodzielny Publiczny Zak\u0142ad Podstawowej Opieki ZdrowotnejPZ POZ w Dobrej<\/strong><\/p>\n<\/div>\n\n\n\n<p>Poniedzia\u0142ek- pi\u0105tek od godz. 7:00 do 10:00<\/p>\n\n\n\n<hr class=\"wp-block-separator has-alpha-channel-opacity\"\/>\n\n\n\n<div class=\"wp-block-group is-vertical is-layout-flex wp-container-core-group-is-layout-8cf370e7 wp-block-group-is-layout-flex\">\n<p><strong>Laboratorium Analityki Medyczej w Szczyrzycu, 34-623 Szczyrzyc 107<\/strong><\/p>\n<\/div>\n\n\n\n<p>Poniedzia\u0142ek &#8211; pi\u0105tek od godz. 7:00 do 10:00<\/p>\n\n\n\n<hr class=\"wp-block-separator has-alpha-channel-opacity\"\/>\n\n\n\n<div class=\"wp-block-group is-vertical is-layout-flex wp-container-core-group-is-layout-8cf370e7 wp-block-group-is-layout-flex\">\n<p><strong>Laboratorium Analityki Medycznej w Limanowej ul. Pi\u0142sudskiego 31<\/strong><\/p>\n<\/div>\n\n\n\n<p>Poniedzia\u0142ek &#8211; pi\u0105tek od godz. 7:00 do 11:00<\/p>\n\n\n\n<hr class=\"wp-block-separator has-alpha-channel-opacity\"\/>\n\n\n\n<div class=\"wp-block-group is-vertical is-layout-flex wp-container-core-group-is-layout-8cf370e7 wp-block-group-is-layout-flex\">\n<p><strong>Laboratorium Analityki Medycznej DIAGMED w Limanowa ul. Jana Paw\u0142a II 15<\/strong><\/p>\n<\/div>\n\n\n\n<p>Poniedzia\u0142ek \u2013 pi\u0105tek w godzinach od 7:15 &#8211; 10.00<\/p>\n\n\n\n<p><\/p>\n","protected":false},"excerpt":{"rendered":"<p>Punkty pobra\u0144 bada\u0144 laboratoryjnych: Samodzielny Publiczny Zak\u0142ad Podstawowej Opieki ZdrowotnejPZ POZ w Dobrej Poniedzia\u0142ek- pi\u0105tek od godz. 7:00 do 10:00 Laboratorium Analityki Medyczej w Szczyrzycu, 34-623 Szczyrzyc 107 Poniedzia\u0142ek &#8211; pi\u0105tek od godz. 7:00 do 10:00 Laboratorium Analityki Medycznej w Limanowej ul. Pi\u0142sudskiego 31 Poniedzia\u0142ek &#8211; pi\u0105tek od godz. 7:00 do 11:00 Laboratorium Analityki Medycznej&hellip;&nbsp;<a href=\"https:\/\/poz-dobra.pl\/index.php\/laboratorium\/\" rel=\"bookmark\">Dowiedz si\u0119 wi\u0119cej &raquo;<span class=\"screen-reader-text\">Laboratorium<\/span><\/a><\/p>\n","protected":false},"author":1,"featured_media":0,"parent":0,"menu_order":0,"comment_status":"closed","ping_status":"closed","template":"","meta":{"neve_meta_sidebar":"","neve_meta_container":"","neve_meta_enable_content_width":"","neve_meta_content_width":0,"neve_meta_title_alignment":"","neve_meta_author_avatar":"","neve_post_elements_order":"","neve_meta_disable_header":"","neve_meta_disable_footer":"","neve_meta_disable_title":"","footnotes":""},"class_list":["post-53","page","type-page","status-publish","hentry"],"_links":{"self":[{"href":"https:\/\/poz-dobra.pl\/index.php\/wp-json\/wp\/v2\/pages\/53","targetHints":{"allow":["GET"]}}],"collection":[{"href":"https:\/\/poz-dobra.pl\/index.php\/wp-json\/wp\/v2\/pages"}],"about":[{"href":"https:\/\/poz-dobra.pl\/index.php\/wp-json\/wp\/v2\/types\/page"}],"author":[{"embeddable":true,"href":"https:\/\/poz-dobra.pl\/index.php\/wp-json\/wp\/v2\/users\/1"}],"replies":[{"embeddable":true,"href":"https:\/\/poz-dobra.pl\/index.php\/wp-json\/wp\/v2\/comments?post=53"}],"version-history":[{"count":4,"href":"https:\/\/poz-dobra.pl\/index.php\/wp-json\/wp\/v2\/pages\/53\/revisions"}],"predecessor-version":[{"id":69,"href":"https:\/\/poz-dobra.pl\/index.php\/wp-json\/wp\/v2\/pages\/53\/revisions\/69"}],"wp:attachment":[{"href":"https:\/\/poz-dobra.pl\/index.php\/wp-json\/wp\/v2\/media?parent=53"}],"curies":[{"name":"wp","href":"https:\/\/api.w.org\/{rel}","templated":true}]}}