{"id":51,"date":"2025-02-25T19:49:42","date_gmt":"2025-02-25T19:49:42","guid":{"rendered":"http:\/\/poz-dobra.pl\/?page_id=51"},"modified":"2025-03-06T11:15:09","modified_gmt":"2025-03-06T11:15:09","slug":"gabinety-lekarskie-lekarza-rodzinnego","status":"publish","type":"page","link":"https:\/\/poz-dobra.pl\/index.php\/gabinety-lekarskie-lekarza-rodzinnego\/","title":{"rendered":"Gabinety lekarskie lekarza rodzinnego"},"content":{"rendered":"\n<ul class=\"wp-block-list\">\n<li>lek. Piotr Kryzia \u2013 specjalista chor\u00f3b wewn\u0119trznych i medycyny rodzinnej<\/li>\n\n\n\n<li>lek. Katarzyna Jaworek \u2013 specjalista pediatra<\/li>\n\n\n\n<li>lek. Paulina Maruszczak \u2013 specjalista pediatra<\/li>\n\n\n\n<li>lek. Joanna Puch -Mi\u0119tka \u2013 specjalista chor\u00f3b wewn\u0119trznych<\/li>\n\n\n\n<li>lek. Justyna Janiczek- specjalista medycyny rodzinnej<\/li>\n\n\n\n<li>lek. Damian Ziemba \u2013 specjalista medycyny rodzinnej<\/li>\n\n\n\n<li>lek. Damian Por\u0119bski \u2013 lekarz w trakcie specjalizacji z chor\u00f3b wewn\u0119trznych<\/li>\n\n\n\n<li>Lek. \u0141ukasz Strzeszy\u0144ski- specjalista chor\u00f3b wewn\u0119trznych<\/li>\n\n\n\n<li>Lek. Tadeusz Le\u015bniak- lekarz w trakcie specjalizacji z pediatrii<\/li>\n<\/ul>\n","protected":false},"excerpt":{"rendered":"","protected":false},"author":1,"featured_media":0,"parent":0,"menu_order":0,"comment_status":"closed","ping_status":"closed","template":"","meta":{"neve_meta_sidebar":"","neve_meta_container":"","neve_meta_enable_content_width":"","neve_meta_content_width":0,"neve_meta_title_alignment":"","neve_meta_author_avatar":"","neve_post_elements_order":"","neve_meta_disable_header":"","neve_meta_disable_footer":"","neve_meta_disable_title":"","footnotes":""},"class_list":["post-51","page","type-page","status-publish","hentry"],"_links":{"self":[{"href":"https:\/\/poz-dobra.pl\/index.php\/wp-json\/wp\/v2\/pages\/51","targetHints":{"allow":["GET"]}}],"collection":[{"href":"https:\/\/poz-dobra.pl\/index.php\/wp-json\/wp\/v2\/pages"}],"about":[{"href":"https:\/\/poz-dobra.pl\/index.php\/wp-json\/wp\/v2\/types\/page"}],"author":[{"embeddable":true,"href":"https:\/\/poz-dobra.pl\/index.php\/wp-json\/wp\/v2\/users\/1"}],"replies":[{"embeddable":true,"href":"https:\/\/poz-dobra.pl\/index.php\/wp-json\/wp\/v2\/comments?post=51"}],"version-history":[{"count":3,"href":"https:\/\/poz-dobra.pl\/index.php\/wp-json\/wp\/v2\/pages\/51\/revisions"}],"predecessor-version":[{"id":178,"href":"https:\/\/poz-dobra.pl\/index.php\/wp-json\/wp\/v2\/pages\/51\/revisions\/178"}],"wp:attachment":[{"href":"https:\/\/poz-dobra.pl\/index.php\/wp-json\/wp\/v2\/media?parent=51"}],"curies":[{"name":"wp","href":"https:\/\/api.w.org\/{rel}","templated":true}]}}