{"id":105,"date":"2025-02-26T14:09:51","date_gmt":"2025-02-26T14:09:51","guid":{"rendered":"http:\/\/poz-dobra.pl\/?page_id=105"},"modified":"2025-03-06T11:12:00","modified_gmt":"2025-03-06T11:12:00","slug":"pliki-do-pobrania","status":"publish","type":"page","link":"https:\/\/poz-dobra.pl\/index.php\/pliki-do-pobrania\/","title":{"rendered":"Pliki do pobrania"},"content":{"rendered":"\n<p><\/p>\n\n\n\n<div class=\"wp-block-media-text is-stacked-on-mobile\" style=\"grid-template-columns:15% auto\"><figure class=\"wp-block-media-text__media\"><a href=\"http:\/\/poz-dobra.pl\/pliki\/Deklaracja wyboru lekarza POZ.pdf\" target=\"_blank\" rel=\" noreferrer noopener\"><img loading=\"lazy\" decoding=\"async\" width=\"348\" height=\"398\" src=\"http:\/\/poz-dobra.pl\/wp-content\/uploads\/2025\/03\/pdf.png\" alt=\"Ikona PDF\" class=\"wp-image-162 size-full\" srcset=\"https:\/\/poz-dobra.pl\/wp-content\/uploads\/2025\/03\/pdf.png 348w, https:\/\/poz-dobra.pl\/wp-content\/uploads\/2025\/03\/pdf-262x300.png 262w\" sizes=\"auto, (max-width: 348px) 100vw, 348px\" \/><\/a><\/figure><div class=\"wp-block-media-text__content\">\n<p>Deklaracja wyboru lekarza POZ<\/p>\n<\/div><\/div>\n\n\n\n<div class=\"wp-block-media-text is-stacked-on-mobile\" style=\"grid-template-columns:15% auto\"><figure class=\"wp-block-media-text__media\"><a href=\"https:\/\/poz-dobra.pl\/pliki\/Deklaracja wyboru pielegniarki POZ .pdf\" target=\"_blank\" rel=\" noreferrer noopener\"><img decoding=\"async\" src=\"https:\/\/poz-dobra.pl\/wp-content\/uploads\/2025\/03\/pdf.png\" alt=\"\" class=\"wp-image-160 size-full\"\/><\/a><\/figure><div class=\"wp-block-media-text__content\">\n<p><br>Deklaracja wyboru piel\u0119gniarki POZ<\/p>\n<\/div><\/div>\n\n\n\n<div class=\"wp-block-media-text is-stacked-on-mobile\" style=\"grid-template-columns:15% auto\"><figure class=\"wp-block-media-text__media\"><a href=\"https:\/\/www.poz-dobra.pl\/pliki\/Deklaracja wyboru poloznej POZ .pdf\" target=\"_blank\" rel=\" noreferrer noopener\"><img decoding=\"async\" src=\"https:\/\/poz-dobra.pl\/wp-content\/uploads\/2025\/03\/pdf.png\" alt=\"\" class=\"wp-image-160 size-full\"\/><\/a><\/figure><div class=\"wp-block-media-text__content\">\n<p>Deklaracja wyboru po\u0142o\u017cnej POZ<\/p>\n<\/div><\/div>\n\n\n\n<div class=\"wp-block-media-text is-stacked-on-mobile\" style=\"grid-template-columns:15% auto\"><figure class=\"wp-block-media-text__media\"><a href=\"https:\/\/poz-dobra.pl\/pliki\/Ankieta medyczna - dorosly.pdf\" target=\"_blank\" rel=\" noreferrer noopener\"><img decoding=\"async\" src=\"https:\/\/poz-dobra.pl\/wp-content\/uploads\/2025\/03\/pdf.png\" alt=\"\" class=\"wp-image-160 size-full\"\/><\/a><\/figure><div class=\"wp-block-media-text__content\">\n<p>Ankieta medyczna &#8211; doros\u0142y<\/p>\n<\/div><\/div>\n\n\n\n<div class=\"wp-block-media-text is-stacked-on-mobile\" style=\"grid-template-columns:15% auto\"><figure class=\"wp-block-media-text__media\"><a href=\"https:\/\/poz-dobra.pl\/pliki\/Ankieta medyczna - dziecko.pdf\" target=\"_blank\" rel=\" noreferrer noopener\"><img decoding=\"async\" src=\"https:\/\/poz-dobra.pl\/wp-content\/uploads\/2025\/03\/pdf.png\" alt=\"\" class=\"wp-image-160 size-full\"\/><\/a><\/figure><div class=\"wp-block-media-text__content\">\n<p>Ankieta medyczna &#8211; dziecko<\/p>\n<\/div><\/div>\n","protected":false},"excerpt":{"rendered":"<p>Deklaracja wyboru lekarza POZ Deklaracja wyboru piel\u0119gniarki POZ Deklaracja wyboru po\u0142o\u017cnej POZ Ankieta medyczna &#8211; doros\u0142y Ankieta medyczna &#8211; dziecko<\/p>\n","protected":false},"author":1,"featured_media":0,"parent":0,"menu_order":0,"comment_status":"closed","ping_status":"closed","template":"","meta":{"neve_meta_sidebar":"full-width","neve_meta_container":"","neve_meta_enable_content_width":"","neve_meta_content_width":0,"neve_meta_title_alignment":"","neve_meta_author_avatar":"","neve_post_elements_order":"","neve_meta_disable_header":"off","neve_meta_disable_footer":"","neve_meta_disable_title":"","footnotes":""},"class_list":["post-105","page","type-page","status-publish","hentry"],"_links":{"self":[{"href":"https:\/\/poz-dobra.pl\/index.php\/wp-json\/wp\/v2\/pages\/105","targetHints":{"allow":["GET"]}}],"collection":[{"href":"https:\/\/poz-dobra.pl\/index.php\/wp-json\/wp\/v2\/pages"}],"about":[{"href":"https:\/\/poz-dobra.pl\/index.php\/wp-json\/wp\/v2\/types\/page"}],"author":[{"embeddable":true,"href":"https:\/\/poz-dobra.pl\/index.php\/wp-json\/wp\/v2\/users\/1"}],"replies":[{"embeddable":true,"href":"https:\/\/poz-dobra.pl\/index.php\/wp-json\/wp\/v2\/comments?post=105"}],"version-history":[{"count":13,"href":"https:\/\/poz-dobra.pl\/index.php\/wp-json\/wp\/v2\/pages\/105\/revisions"}],"predecessor-version":[{"id":175,"href":"https:\/\/poz-dobra.pl\/index.php\/wp-json\/wp\/v2\/pages\/105\/revisions\/175"}],"wp:attachment":[{"href":"https:\/\/poz-dobra.pl\/index.php\/wp-json\/wp\/v2\/media?parent=105"}],"curies":[{"name":"wp","href":"https:\/\/api.w.org\/{rel}","templated":true}]}}